{"id":93,"date":"2019-06-11T15:44:29","date_gmt":"2019-06-11T15:44:29","guid":{"rendered":"http:\/\/freie-fotografie.johann-hinrichs.de\/?page_id=93"},"modified":"2025-07-02T16:40:14","modified_gmt":"2025-07-02T16:40:14","slug":"impressum-datenschutzverordnung","status":"publish","type":"page","link":"http:\/\/freie-fotografie.johann-hinrichs.de\/?page_id=93","title":{"rendered":"Impressum\/Datenschutzverordnung"},"content":{"rendered":"\n<p><strong>Impressum<\/strong><br><br> Inhaltlich Verantwortlicher<br> gem\u00e4\u00df \u00a7 10 Absatz 3 MDStV:<br><br> Johann Hinrichs<br> J. M. Fischer Str. 27<br> 86911 Die\u00dfen am Ammersee<br> Telefon 08807 &#8211; 947 69 02<br> Internet: www.johann-hinrichs.de<br> Email: <a href=\"mailto:foto@johann-hinrichs.de\">photo@johann-hinrichs.de<\/a><\/p>\n\n\n\n<p><br> Umsatzsteuer-Identifikationsnummer<br> gem\u00e4\u00df \u00a7 27 a Umsatzsteuergesetz: DE 228\/31137<br><br> Nutzung aller Fotos dieser Website <br> nur mit ausdr\u00fccklicher Genehmigung des Urhebers.<\/p>\n\n\n\n<p><strong>Datenschutzerkl\u00e4rung<\/strong><\/p>\n\n\n\n<p><strong>Allgemeiner Hinweis und Pflichtinformationen<\/strong><\/p>\n\n\n\n<p><strong>Benennung der verantwortlichen Stelle<\/strong><\/p>\n\n\n\n<p>Die verantwortliche Stelle f\u00fcr die Datenverarbeitung auf dieser Website ist:<br>Johann Hinrichs<br>J. M. Fischer Str. 27<br>86911 Die\u00dfen am Ammersee<\/p>\n\n\n\n<p>Die verantwortliche Stelle entscheidet allein oder gemeinsam mit \nanderen \u00fcber die Zwecke und Mittel der Verarbeitung von \npersonenbezogenen Daten (z.B. Namen, Kontaktdaten o. \u00c4.).<\/p>\n\n\n\n<p><strong>Widerruf Ihrer Einwilligung zur Datenverarbeitung<\/strong><\/p>\n\n\n\n<p>Nur mit Ihrer ausdr\u00fccklichen Einwilligung sind einige Vorg\u00e4nge der \nDatenverarbeitung m\u00f6glich. Ein Widerruf Ihrer bereits erteilten \nEinwilligung ist jederzeit m\u00f6glich. F\u00fcr den Widerruf gen\u00fcgt eine \nformlose Mitteilung per E-Mail. Die Rechtm\u00e4\u00dfigkeit der bis zum Widerruf \nerfolgten Datenverarbeitung bleibt vom Widerruf unber\u00fchrt.<\/p>\n\n\n\n<p><strong>Recht auf Beschwerde bei der zust\u00e4ndigen Aufsichtsbeh\u00f6rde<\/strong><\/p>\n\n\n\n<p>Als Betroffener steht Ihnen im Falle eines datenschutzrechtlichen \nVersto\u00dfes ein Beschwerderecht bei der zust\u00e4ndigen Aufsichtsbeh\u00f6rde zu. \nZust\u00e4ndige Aufsichtsbeh\u00f6rde bez\u00fcglich datenschutzrechtlicher Fragen ist \nder Landesdatenschutzbeauftragte des Bundeslandes, in dem sich der Sitz \nunseres Unternehmens befindet. Der folgende Link stellt eine Liste der \nDatenschutzbeauftragten sowie deren Kontaktdaten bereit: <a href=\"https:\/\/www.bfdi.bund.de\/DE\/Infothek\/Anschriften_Links\/anschriften_links-node.html\" target=\"_blank\" rel=\"noreferrer noopener\">https:\/\/www.bfdi.bund.de\/DE\/Infothek\/Anschriften_Links\/anschriften_links-node.html<\/a>.<\/p>\n\n\n\n<p><strong>Recht auf Daten\u00fcbertragbarkeit<\/strong><\/p>\n\n\n\n<p>Ihnen steht das Recht zu, Daten, die wir auf Grundlage Ihrer \nEinwilligung oder in Erf\u00fcllung eines Vertrags automatisiert verarbeiten,\n an sich oder an Dritte aush\u00e4ndigen zu lassen. Die Bereitstellung \nerfolgt in einem maschinenlesbaren Format. Sofern Sie die direkte \n\u00dcbertragung der Daten an einen anderen Verantwortlichen verlangen, \nerfolgt dies nur, soweit es technisch machbar ist.<\/p>\n\n\n\n<p><strong>Recht auf Auskunft, Berichtigung, Sperrung, L\u00f6schung<\/strong><\/p>\n\n\n\n<p>Sie haben jederzeit im Rahmen der geltenden gesetzlichen Bestimmungen\n das Recht auf unentgeltliche Auskunft \u00fcber Ihre gespeicherten \npersonenbezogenen Daten, Herkunft der Daten, deren Empf\u00e4nger und den \nZweck der Datenverarbeitung und ggf. ein Recht auf Berichtigung, \nSperrung oder L\u00f6schung dieser Daten. Diesbez\u00fcglich und auch zu weiteren \nFragen zum Thema personenbezogene Daten k\u00f6nnen Sie sich jederzeit \u00fcber \ndie im Impressum aufgef\u00fchrten Kontaktm\u00f6glichkeiten an uns wenden.<\/p>\n\n\n\n<p><strong>SSL- bzw. TLS-Verschl\u00fcsselung<\/strong><\/p>\n\n\n\n<p>Aus Sicherheitsgr\u00fcnden und zum Schutz der \u00dcbertragung vertraulicher \nInhalte, die Sie an uns als Seitenbetreiber senden, nutzt unsere Website\n eine SSL-bzw. TLS-Verschl\u00fcsselung. Damit sind Daten, die Sie \u00fcber diese\n Website \u00fcbermitteln, f\u00fcr Dritte nicht mitlesbar. Sie erkennen eine \nverschl\u00fcsselte Verbindung an der \u201ehttps:\/\/\u201c Adresszeile Ihres Browsers \nund am Schloss-Symbol in der Browserzeile.<\/p>\n\n\n\n<p><strong>Kontaktformular<\/strong><\/p>\n\n\n\n<p>Per Kontaktformular \u00fcbermittelte Daten werden einschlie\u00dflich Ihrer \nKontaktdaten gespeichert, um Ihre Anfrage bearbeiten zu k\u00f6nnen oder um \nf\u00fcr Anschlussfragen bereitzustehen. Eine Weitergabe dieser Daten findet \nohne Ihre Einwilligung nicht statt.<\/p>\n\n\n\n<p>Die Verarbeitung der in das Kontaktformular eingegebenen Daten \nerfolgt ausschlie\u00dflich auf Grundlage Ihrer Einwilligung (Art. 6 Abs. 1 \nlit. a DSGVO). Ein Widerruf Ihrer bereits erteilten Einwilligung ist \njederzeit m\u00f6glich. F\u00fcr den Widerruf gen\u00fcgt eine formlose Mitteilung per \nE-Mail. Die Rechtm\u00e4\u00dfigkeit der bis zum Widerruf erfolgten \nDatenverarbeitungsvorg\u00e4nge bleibt vom Widerruf unber\u00fchrt.<\/p>\n\n\n\n<p>\u00dcber das Kontaktformular \u00fcbermittelte Daten verbleiben bei uns, bis \nSie uns zur L\u00f6schung auffordern, Ihre Einwilligung zur Speicherung \nwiderrufen oder keine Notwendigkeit der Datenspeicherung mehr besteht. \nZwingende gesetzliche Bestimmungen \u2013 insbesondere Aufbewahrungsfristen \u2013\n bleiben unber\u00fchrt.<\/p>\n\n\n\n<p><strong>Google Analytics<\/strong><\/p>\n\n\n\n<p>Unsere Website verwendet Funktionen des Webanalysedienstes Google \nAnalytics. Anbieter des Webanalysedienstes ist die Google Inc., 1600 \nAmphitheatre Parkway, Mountain View, CA 94043, USA.<\/p>\n\n\n\n<p>Google Analytics verwendet \u201eCookies.\u201c Das sind kleine Textdateien, \ndie Ihr Webbrowser auf Ihrem Endger\u00e4t speichert und eine Analyse der \nWebsite-Benutzung erm\u00f6glichen. Mittels Cookie erzeugte Informationen \n\u00fcber Ihre Benutzung unserer Website\n\twerden an einen Server von Google \u00fcbermittelt und dort gespeichert. \nServer-Standort ist im Regelfall die USA.<\/p>\n\n\n\n<p>Das Setzen von Google-Analytics-Cookies erfolgt auf Grundlage von \nArt. 6 Abs. 1 lit. f DSGVO. Als Betreiber dieser Website haben wir &nbsp;ein \nberechtigtes Interesse an der Analyse des Nutzerverhaltens, um unser \nWebangebot und ggf. auch Werbung zu optimieren.<\/p>\n\n\n\n<p>IP-Anonymisierung<\/p>\n\n\n\n<p>Wir setzen Google Analytics in Verbindung mit der Funktion \nIP-Anonymisierung ein. Sie gew\u00e4hrleistet, dass Google Ihre IP-Adresse \ninnerhalb von Mitgliedstaaten der Europ\u00e4ischen Union oder in anderen \nVertragsstaaten des Abkommens \u00fcber den Europ\u00e4ischen Wirtschaftsraum\n\tvor der \u00dcbermittlung in die USA k\u00fcrzt. Es kann Ausnahmef\u00e4lle geben, in \ndenen Google die volle IP-Adresse an einen Server in den USA \u00fcbertr\u00e4gt \nund dort k\u00fcrzt. In unserem Auftrag wird Google diese Informationen \nbenutzen, um Ihre Nutzung der Website\n\tauszuwerten, um Reports \u00fcber Websiteaktivit\u00e4ten zu erstellen und um \nweitere mit der Websitenutzung und der Internetnutzung verbundene \nDienstleistungen gegen\u00fcber uns zu erbringen. Es findet keine \nZusammenf\u00fchrung der von Google Analytics \u00fcbermittelten\n\tIP-Adresse mit anderen Daten von Google statt.<\/p>\n\n\n\n<p>Browser Plugin<\/p>\n\n\n\n<p>Das Setzen von Cookies durch Ihren Webbrowser ist verhinderbar. \nEinige Funktionen unserer Website k\u00f6nnten dadurch jedoch eingeschr\u00e4nkt \nwerden. Ebenso k\u00f6nnen Sie die Erfassung von Daten bez\u00fcglich Ihrer \nWebsite-Nutzung einschlie\u00dflich Ihrer IP-Adresse mitsamt\n\tanschlie\u00dfender Verarbeitung durch Google unterbinden. Dies ist m\u00f6glich,\n indem Sie das \u00fcber folgenden Link erreichbare Browser-Plugin \nherunterladen und installieren: <a href=\"https:\/\/tools.google.com\/dlpage\/gaoptout?hl=de\">https:\/\/tools.google.com\/dlpage\/gaoptout?hl=de<\/a>.<\/p>\n\n\n\n<p>Widerspruch gegen die Datenerfassung<\/p>\n\n\n\n<p>Sie k\u00f6nnen die Erfassung Ihrer Daten durch Google Analytics \nverhindern, indem Sie auf folgenden Link klicken. Es wird ein \nOpt-Out-Cookie gesetzt, der die Erfassung Ihrer Daten bei zuk\u00fcnftigen \nBesuchen unserer Website verhindert: Google Analytics deaktivieren.<\/p>\n\n\n\n<p>Einzelheiten zum Umgang mit Nutzerdaten bei Google Analytics finden Sie in der Datenschutzerkl\u00e4rung von Google: <a href=\"https:\/\/support.google.com\/analytics\/answer\/6004245?hl=de\">https:\/\/support.google.com\/analytics\/answer\/6004245?hl=de<\/a>.<\/p>\n\n\n\n<p>Auftragsverarbeitung<\/p>\n\n\n\n<p>Zur vollst\u00e4ndigen Erf\u00fcllung der gesetzlichen Datenschutzvorgaben \nhaben wir mit Google einen Vertrag \u00fcber die Auftragsverarbeitung \nabgeschlossen.<\/p>\n\n\n\n<p>Demografische Merkmale bei Google Analytics<\/p>\n\n\n\n<p>Unsere Website verwendet die Funktion \u201cdemografische Merkmale\u201d von  \nGoogle Analytics. Mit ihr lassen sich Berichte erstellen, die Aussagen  \nzu Alter, Geschlecht und Interessen der Seitenbesucher enthalten. Diese \n Daten stammen aus interessenbezogener Werbung von Google sowie aus \nBesucherdaten von Drittanbietern. Eine Zuordnung  der Daten zu einer \nbestimmten Person ist nicht m\u00f6glich. Sie k\u00f6nnen diese  Funktion \njederzeit deaktivieren. Dies ist \u00fcber die  Anzeigeneinstellungen in \nIhrem Google-Konto m\u00f6glich oder indem Sie die Erfassung Ihrer Daten \ndurch Google Analytics, wie im  Punkt \u201cWiderspruch gegen die \nDatenerfassung\u201d erl\u00e4utert, generell  untersagen.<\/p>\n\n\n\n<p><strong>Google Web Fonts<\/strong><\/p>\n\n\n\n<p>Unsere Website verwendet Web Fonts von Google. Anbieter ist die \nGoogle Inc., 1600 Amphitheatre Parkway, Mountain View, CA 94043, USA.<\/p>\n\n\n\n<p>Durch den Einsatz dieser Web Fonts wird es m\u00f6glich Ihnen die von uns \ngew\u00fcnschte Darstellung unserer Website zu pr\u00e4sentieren, unabh\u00e4ngig davon\n welche Schriften Ihnen lokal zur Verf\u00fcgung stehen. Dies erfolgt \u00fcber \nden Abruf der Google Web Fonts von einem Server von Google in den USA \nund der damit verbundenen Weitergabe Ihre Daten an Google. Dabei handelt\n es sich um Ihre IP-Adresse und welche Seite Sie bei uns besucht haben. \nDer Einsatz von Google Web Fonts erfolgt auf Grundlage von Art. 6 Abs. 1\n lit. f DSGVO. Als Betreiber dieser Website haben wir ein berechtigtes \nInteresse an der optimalen Darstellung und \u00dcbertragung unseres \nWebauftritts.<\/p>\n\n\n\n<p>Das Unternehmen Google ist f\u00fcr das us-europ\u00e4ische \nDatenschutz\u00fcbereinkommen \u201ePrivacy Shield\u201c zertifiziert. Dieses \nDatenschutz\u00fcbereinkommen soll die Einhaltung des in der EU geltenden \nDatenschutzniveaus gew\u00e4hrleisten.<\/p>\n\n\n\n<p>Einzelheiten \u00fcber Google Web Fonts finden Sie unter: <a href=\"https:\/\/www.google.com\/fonts#AboutPlace:about\">https:\/\/www.google.com\/fonts#AboutPlace:about<\/a> und weitere Informationen in den Datenschutzbestimmungen von Google: <a href=\"https:\/\/policies.google.com\/privacy\/partners?hl=de\">https:\/\/policies.google.com\/privacy\/partners?hl=de<\/a><\/p>\n","protected":false},"excerpt":{"rendered":"<p>Impressum Inhaltlich Verantwortlicher gem\u00e4\u00df \u00a7 10 Absatz 3 MDStV: Johann Hinrichs J. M. Fischer Str. 27 86911 Die\u00dfen am Ammersee Telefon 08807 &#8211; 947 69 02 Internet: www.johann-hinrichs.de Email: photo@johann-hinrichs.de Umsatzsteuer-Identifikationsnummer gem\u00e4\u00df \u00a7 27 a Umsatzsteuergesetz: DE 228\/31137 Nutzung aller Fotos dieser Website nur mit ausdr\u00fccklicher Genehmigung des Urhebers. Datenschutzerkl\u00e4rung Allgemeiner Hinweis und Pflichtinformationen Benennung &#8230;<\/p>\n","protected":false},"author":1,"featured_media":0,"parent":8,"menu_order":0,"comment_status":"closed","ping_status":"closed","template":"","meta":{"footnotes":""},"class_list":["post-93","page","type-page","status-publish","hentry"],"_links":{"self":[{"href":"http:\/\/freie-fotografie.johann-hinrichs.de\/index.php?rest_route=\/wp\/v2\/pages\/93","targetHints":{"allow":["GET"]}}],"collection":[{"href":"http:\/\/freie-fotografie.johann-hinrichs.de\/index.php?rest_route=\/wp\/v2\/pages"}],"about":[{"href":"http:\/\/freie-fotografie.johann-hinrichs.de\/index.php?rest_route=\/wp\/v2\/types\/page"}],"author":[{"embeddable":true,"href":"http:\/\/freie-fotografie.johann-hinrichs.de\/index.php?rest_route=\/wp\/v2\/users\/1"}],"replies":[{"embeddable":true,"href":"http:\/\/freie-fotografie.johann-hinrichs.de\/index.php?rest_route=%2Fwp%2Fv2%2Fcomments&post=93"}],"version-history":[{"count":4,"href":"http:\/\/freie-fotografie.johann-hinrichs.de\/index.php?rest_route=\/wp\/v2\/pages\/93\/revisions"}],"predecessor-version":[{"id":337,"href":"http:\/\/freie-fotografie.johann-hinrichs.de\/index.php?rest_route=\/wp\/v2\/pages\/93\/revisions\/337"}],"up":[{"embeddable":true,"href":"http:\/\/freie-fotografie.johann-hinrichs.de\/index.php?rest_route=\/wp\/v2\/pages\/8"}],"wp:attachment":[{"href":"http:\/\/freie-fotografie.johann-hinrichs.de\/index.php?rest_route=%2Fwp%2Fv2%2Fmedia&parent=93"}],"curies":[{"name":"wp","href":"https:\/\/api.w.org\/{rel}","templated":true}]}}